{"id":1127,"date":"2016-03-07T22:00:30","date_gmt":"2016-03-07T21:00:30","guid":{"rendered":"http:\/\/wurst-rezept.de\/shop\/?page_id=1127"},"modified":"2018-02-27T19:30:04","modified_gmt":"2018-02-27T18:30:04","slug":"ihre-auswahl-bratwurst-grill-und-vesperwurst","status":"publish","type":"page","link":"https:\/\/www.wurst-rezept.de\/shop\/ihre-auswahl-bratwurst-grill-und-vesperwurst\/","title":{"rendered":"Ihre Auswahl Bratwurst, Grill- und Vesperwurst"},"content":{"rendered":"<p><span style=\"color: #000000;\"><strong>Gratulation das E-Book &#8222;Bratwurst, Grill- und Vesperwurst&#8220; wurde zu Ihrem Warenkorb hinzugef\u00fcgt.<\/strong><\/span><\/p>\n<p style=\"text-align: center;\"><a href=\"https:\/\/www.wurst-rezept.de\/shop\/?add-to-cart=843\"><img loading=\"lazy\" decoding=\"async\" class=\"alignleft wp-image-1462 size-full\" src=\"https:\/\/schinken-selber-machen.com\/shop\/wp-content\/uploads\/2017\/07\/warenkorb-ansehen-und-fertigstellen.jpg\" alt=\"Warenkorb ansehen und zur Kasse\" width=\"332\" height=\"36\" \/><\/a><\/p>\n<p>&nbsp;<\/p>\n<p>&nbsp;<\/p>\n<p><span style=\"color: #000000; font-size: 14pt;\"><strong>Noch beliebter und von Selbermachern gesch\u00e4tzt.<\/strong><\/span><\/p>\n<p><strong><img loading=\"lazy\" decoding=\"async\" class=\"alignleft wp-image-3721\" src=\"https:\/\/www.wurst-rezept.de\/shop\/wp-content\/uploads\/2015\/12\/Wurst-selber-machen-jetzt-neu-klein-960x1255.jpg\" alt=\"Wurst selber machen jetzt neu\" width=\"299\" height=\"391\" srcset=\"https:\/\/www.wurst-rezept.de\/shop\/wp-content\/uploads\/2015\/12\/Wurst-selber-machen-jetzt-neu-klein-960x1255.jpg 960w, https:\/\/www.wurst-rezept.de\/shop\/wp-content\/uploads\/2015\/12\/Wurst-selber-machen-jetzt-neu-klein-300x392.jpg 300w, https:\/\/www.wurst-rezept.de\/shop\/wp-content\/uploads\/2015\/12\/Wurst-selber-machen-jetzt-neu-klein-600x784.jpg 600w, https:\/\/www.wurst-rezept.de\/shop\/wp-content\/uploads\/2015\/12\/Wurst-selber-machen-jetzt-neu-klein-595x778.jpg 595w, https:\/\/www.wurst-rezept.de\/shop\/wp-content\/uploads\/2015\/12\/Wurst-selber-machen-jetzt-neu-klein-768x1004.jpg 768w, https:\/\/www.wurst-rezept.de\/shop\/wp-content\/uploads\/2015\/12\/Wurst-selber-machen-jetzt-neu-klein-207x271.jpg 207w, https:\/\/www.wurst-rezept.de\/shop\/wp-content\/uploads\/2015\/12\/Wurst-selber-machen-jetzt-neu-klein-451x589.jpg 451w, https:\/\/www.wurst-rezept.de\/shop\/wp-content\/uploads\/2015\/12\/Wurst-selber-machen-jetzt-neu-klein.jpg 1000w\" sizes=\"auto, (max-width: 299px) 100vw, 299px\" \/>Dieses Buch k\u00f6nnte Ihren Vespertisch noch mehr bereichern und noch mehr Genuss verschaffen.<\/strong><\/p>\n<p style=\"text-align: left;\"><span style=\"font-size: 10pt;\"><strong>Das alles bekommen Sie im Komplettkurs &#8222;Wurst selber machen&#8220;:<\/strong><\/span><\/p>\n<ul>\n<li><span style=\"font-size: 10pt;\">176 Seiten geballtes Wissen aus nahezu zwei Jahrzehnten Erfahrung<\/span><\/li>\n<li><span style=\"font-size: 10pt;\">100 erprobte und detailierte Wurst-Rezepte<\/span><\/li>\n<li><span style=\"font-size: 10pt;\">eine Schritt f\u00fcr Schritt Anleitung in Wort und Bild f\u00fcr jede Wurstsorte<\/span><\/li>\n<li><span style=\"font-size: 10pt;\">alles Wissenswerte zum R\u00e4uchern<\/span><\/li>\n<li><span style=\"font-size: 10pt;\">was Sie beim Lagern der fertigen Wurst beachten m\u00fcssen<\/span><\/li>\n<li><span style=\"font-size: 10pt;\">alle meine Tipps und Tricks rund um das Thema Wurst selber machen<\/span><\/li>\n<\/ul>\n<p style=\"text-align: left;\">Durch meine ausf\u00fchrliche Schritt f\u00fcr Schritt Anleitung ist es selbst f\u00fcr Neulinge und Unerfahrene kinderleicht Wurst selber zu machen.<\/p>\n<p style=\"text-align: left;\"><strong>Egal ob Sie Neuling sind oder bereits Erfahrungen gesammelt haben, damit gelingt es garantiert!<\/strong><\/p>\n<p style=\"text-align: left;\">Ausf\u00fchrliche Informationen bekommen Sie hier:<\/p>\n<p style=\"text-align: left;\"><span style=\"font-size: 14pt;\"><a title=\"Wurst selber machen\" href=\"https:\/\/www.wurst-rezept.de\/wordpress\/angebote\/\" target=\"_blank\" rel=\"noopener noreferrer\">Wurst-Rezept.de<\/a><\/span><\/p>\n<p style=\"text-align: left;\"><span style=\"text-decoration: underline;\">Kurze Artikelbeschreibung:<\/span><\/p>\n<p style=\"text-align: left;\">&#8222;Wurst selber machen&#8220; &#8211; Komplettkurs -:<br \/>\n176 Seiten im PDF Format, <strong><span style=\"text-decoration: underline;\">alles ist druckbar<\/span><\/strong>, <strong>Preis 14,97 \u20ac<\/strong> inklusiv 19 % MwSt., Versand weltweit kostenlos.<\/p>\n<p>&nbsp;<\/p>\n<p><img loading=\"lazy\" decoding=\"async\" class=\"aligncenter  wp-image-3718\" src=\"https:\/\/www.wurst-rezept.de\/shop\/wp-content\/uploads\/2015\/12\/Produktbild-Wurst-mit-Bonus-gro\u00df-960x633.jpg\" alt=\"Produktbild Wurst mit Bonus\" width=\"716\" height=\"472\" srcset=\"https:\/\/www.wurst-rezept.de\/shop\/wp-content\/uploads\/2015\/12\/Produktbild-Wurst-mit-Bonus-gro\u00df-960x633.jpg 960w, https:\/\/www.wurst-rezept.de\/shop\/wp-content\/uploads\/2015\/12\/Produktbild-Wurst-mit-Bonus-gro\u00df-300x198.jpg 300w, https:\/\/www.wurst-rezept.de\/shop\/wp-content\/uploads\/2015\/12\/Produktbild-Wurst-mit-Bonus-gro\u00df-600x396.jpg 600w, https:\/\/www.wurst-rezept.de\/shop\/wp-content\/uploads\/2015\/12\/Produktbild-Wurst-mit-Bonus-gro\u00df-595x392.jpg 595w, https:\/\/www.wurst-rezept.de\/shop\/wp-content\/uploads\/2015\/12\/Produktbild-Wurst-mit-Bonus-gro\u00df-768x506.jpg 768w, https:\/\/www.wurst-rezept.de\/shop\/wp-content\/uploads\/2015\/12\/Produktbild-Wurst-mit-Bonus-gro\u00df-207x136.jpg 207w, https:\/\/www.wurst-rezept.de\/shop\/wp-content\/uploads\/2015\/12\/Produktbild-Wurst-mit-Bonus-gro\u00df-451x297.jpg 451w, https:\/\/www.wurst-rezept.de\/shop\/wp-content\/uploads\/2015\/12\/Produktbild-Wurst-mit-Bonus-gro\u00df.jpg 1200w\" sizes=\"auto, (max-width: 716px) 100vw, 716px\" \/><\/p>\n<p>&nbsp;<\/p>\n<p><a href=\"https:\/\/www.wurst-rezept.de\/shop\/auswahl-e-book\/\"><img loading=\"lazy\" decoding=\"async\" class=\"size-full wp-image-3387 aligncenter\" src=\"https:\/\/www.wurst-rezept.de\/shop\/wp-content\/uploads\/2016\/03\/button_beides-fuer-nur-kaufen.jpg\" alt=\"beides f\u00fcr nur 14,97\u20ac kaufen \" width=\"279\" height=\"36\" srcset=\"https:\/\/www.wurst-rezept.de\/shop\/wp-content\/uploads\/2016\/03\/button_beides-fuer-nur-kaufen.jpg 279w, https:\/\/www.wurst-rezept.de\/shop\/wp-content\/uploads\/2016\/03\/button_beides-fuer-nur-kaufen-207x27.jpg 207w\" sizes=\"auto, (max-width: 279px) 100vw, 279px\" \/><\/a><\/p>\n<p>&nbsp;<\/p>\n<p>&nbsp;<\/p>\n<p>&nbsp;<\/p>\n<p>&nbsp;<\/p>\n<p>&nbsp;<\/p>\n<p>&nbsp;<\/p>\n<p>&nbsp;<\/p>\n<p>&nbsp;<\/p>\n<p>&nbsp;<\/p>\n<p>&nbsp;<\/p>\n<p>&nbsp;<\/p>\n","protected":false},"excerpt":{"rendered":"<p>Gratulation das E-Book &#8222;Bratwurst, Grill- und Vesperwurst&#8220; wurde zu Ihrem Warenkorb hinzugef\u00fcgt. &nbsp; &nbsp; Noch beliebter und von Selbermachern gesch\u00e4tzt. Dieses Buch k\u00f6nnte Ihren Vespertisch noch mehr bereichern und noch mehr Genuss verschaffen. Das alles bekommen Sie im Komplettkurs &#8222;Wurst selber machen&#8220;: 176 Seiten geballtes Wissen aus nahezu zwei Jahrzehnten Erfahrung 100 erprobte und detailierte &#8230; <a title=\"Ihre Auswahl Bratwurst, Grill- und Vesperwurst\" class=\"read-more\" href=\"https:\/\/www.wurst-rezept.de\/shop\/ihre-auswahl-bratwurst-grill-und-vesperwurst\/\" aria-label=\"Mehr Informationen \u00fcber Ihre Auswahl Bratwurst, Grill- und Vesperwurst\">Weiterlesen<\/a><\/p>\n","protected":false},"author":1,"featured_media":0,"parent":0,"menu_order":0,"comment_status":"closed","ping_status":"closed","template":"","meta":{"footnotes":""},"class_list":["post-1127","page","type-page","status-publish"],"_links":{"self":[{"href":"https:\/\/www.wurst-rezept.de\/shop\/wp-json\/wp\/v2\/pages\/1127","targetHints":{"allow":["GET"]}}],"collection":[{"href":"https:\/\/www.wurst-rezept.de\/shop\/wp-json\/wp\/v2\/pages"}],"about":[{"href":"https:\/\/www.wurst-rezept.de\/shop\/wp-json\/wp\/v2\/types\/page"}],"author":[{"embeddable":true,"href":"https:\/\/www.wurst-rezept.de\/shop\/wp-json\/wp\/v2\/users\/1"}],"replies":[{"embeddable":true,"href":"https:\/\/www.wurst-rezept.de\/shop\/wp-json\/wp\/v2\/comments?post=1127"}],"version-history":[{"count":20,"href":"https:\/\/www.wurst-rezept.de\/shop\/wp-json\/wp\/v2\/pages\/1127\/revisions"}],"predecessor-version":[{"id":4510,"href":"https:\/\/www.wurst-rezept.de\/shop\/wp-json\/wp\/v2\/pages\/1127\/revisions\/4510"}],"wp:attachment":[{"href":"https:\/\/www.wurst-rezept.de\/shop\/wp-json\/wp\/v2\/media?parent=1127"}],"curies":[{"name":"wp","href":"https:\/\/api.w.org\/{rel}","templated":true}]}}